{"id":220,"date":"2014-05-07T18:05:08","date_gmt":"2014-05-07T18:05:08","guid":{"rendered":"http:\/\/przedszkole-zarkiletnisko.pl\/?page_id=220"},"modified":"2020-05-07T12:35:11","modified_gmt":"2020-05-07T12:35:11","slug":"kontakt","status":"publish","type":"page","link":"https:\/\/przedszkole-zarki.ugporaj.pl\/?page_id=220","title":{"rendered":"Kontakt"},"content":{"rendered":"<div style=\"float: left; margin-left: 2%;\">\n<h1><strong>Samorz\u0105dowe Przedszkole Publiczne oraz \u017b\u0142obek Gminny<br \/>\n<\/strong><strong>w \u017barkach Letnisku<\/strong><\/h1>\n<p>ul. Cicha 12 B<\/p>\n<p>42 &#8211; 311 \u017barki Letnisko<\/p>\n<p>(0-34) 314 61 28<\/p>\n<p>e-mail:<\/p>\n<p>przedszkole: <a href=\"mailto:przedszkole.zarkiletnisko@wp.pl\">przedszkole.zarkiletnisko@wp.pl<\/a><\/p>\n<p>\u017c\u0142obek: <a href=\"mailto:zlobek.zarkiletnisko@wp.pl\">zlobek.zarkiletnisko@wp.pl<\/a><\/p>\n<p>Gmina Poraj<\/p>\n<\/div>\n","protected":false},"excerpt":{"rendered":"<p>Samorz\u0105dowe Przedszkole Publiczne oraz \u017b\u0142obek Gminny w \u017barkach Letnisku ul. Cicha 12 B 42 &#8211; 311 \u017barki Letnisko (0-34) 314 61 28 e-mail: przedszkole: przedszkole.zarkiletnisko@wp.pl \u017c\u0142obek: zlobek.zarkiletnisko@wp.pl Gmina Poraj<\/p>\n","protected":false},"author":1,"featured_media":0,"parent":0,"menu_order":0,"comment_status":"closed","ping_status":"closed","template":"","meta":{"footnotes":""},"class_list":["post-220","page","type-page","status-publish","hentry"],"_links":{"self":[{"href":"https:\/\/przedszkole-zarki.ugporaj.pl\/index.php?rest_route=\/wp\/v2\/pages\/220","targetHints":{"allow":["GET"]}}],"collection":[{"href":"https:\/\/przedszkole-zarki.ugporaj.pl\/index.php?rest_route=\/wp\/v2\/pages"}],"about":[{"href":"https:\/\/przedszkole-zarki.ugporaj.pl\/index.php?rest_route=\/wp\/v2\/types\/page"}],"author":[{"embeddable":true,"href":"https:\/\/przedszkole-zarki.ugporaj.pl\/index.php?rest_route=\/wp\/v2\/users\/1"}],"replies":[{"embeddable":true,"href":"https:\/\/przedszkole-zarki.ugporaj.pl\/index.php?rest_route=%2Fwp%2Fv2%2Fcomments&post=220"}],"version-history":[{"count":15,"href":"https:\/\/przedszkole-zarki.ugporaj.pl\/index.php?rest_route=\/wp\/v2\/pages\/220\/revisions"}],"predecessor-version":[{"id":6377,"href":"https:\/\/przedszkole-zarki.ugporaj.pl\/index.php?rest_route=\/wp\/v2\/pages\/220\/revisions\/6377"}],"wp:attachment":[{"href":"https:\/\/przedszkole-zarki.ugporaj.pl\/index.php?rest_route=%2Fwp%2Fv2%2Fmedia&parent=220"}],"curies":[{"name":"wp","href":"https:\/\/api.w.org\/{rel}","templated":true}]}}