{"id":237,"date":"2014-05-07T21:18:41","date_gmt":"2014-05-07T21:18:41","guid":{"rendered":"http:\/\/przedszkole-zarkiletnisko.pl\/?page_id=237"},"modified":"2015-10-31T10:45:58","modified_gmt":"2015-10-31T10:45:58","slug":"programy-ogolnopolskie","status":"publish","type":"page","link":"https:\/\/przedszkole-zarki.ugporaj.pl\/?page_id=237","title":{"rendered":"Programy og\u00f3lnopolskie"},"content":{"rendered":"<p style=\"text-align: justify;\"><em>Og\u00f3lnopolskie programy realizowane przez nasze przedszkole:<\/em><\/p>\n<h1 style=\"text-align: justify;\"><strong>1. Akademia Aquafresh &#8211; Og\u00f3lnopolski Program Edukacji Zdrowotnej dla Przedszkolak\u00f3w.<\/strong><\/h1>\n<p style=\"text-align: justify;\">Og\u00f3lnopolski Program Edukacji Zdrowotnej Akademia Aquafresh koncentruje si\u0119 na profilaktyce stomatologicznej dzieci w wieku przedszkolnym.<br \/>\nAkademia Aquafresh zosta\u0142a powo\u0142ana z my\u015bl\u0105 o ochronie zdrowia dzieci, \u017ceby poprzez dzia\u0142ania edukacyjne wytwarza\u0107 w nich potrzeb\u0119 dbania o higien\u0119 jamy ustnej, a w konsekwencji zmniejszy\u0107 tak powa\u017cny problem, jakim jest pr\u00f3chnica u dzieci w Polsce.<br \/>\nUczenie dzieci mycia z\u0105bk\u00f3w po ka\u017cdym posi\u0142ku ju\u017c od pierwszych lat \u017cycia, a tak\u017ce budowanie \u015bwiadomo\u015bci potrzeby utrzymania jamy ustnej w odpowiedniej higienie, jest warunkiem niezb\u0119dnym w powodzeniu dzia\u0142a\u0144 profilaktycznych.<br \/>\nW ramach programu przedszkolacy wezm\u0105 udzia\u0142 w zaj\u0119ciach dotycz\u0105cych profilaktyki stomatologicznej oraz w konkursie plastycznym organizowanym przez Akademi\u0119 Aquqferesh.<\/p>\n<h1 style=\"text-align: justify;\"><strong>2. Czyste Powietrze Wok\u00f3l Nas<\/strong><\/h1>\n<p style=\"text-align: justify;\">Program kierowany jest do dzieci w wieku 5-6 lat, ucz\u0119szczaj\u0105cych do przedszkoli i oddzia\u0142\u00f3w przedszkolnych w szko\u0142ach oraz do rodzic\u00f3w i opiekun\u00f3w dzieci, wychowawc\u00f3w.<br \/>\nG\u0142\u00f3wnym celem programu jest ochrona dzieci przed szkodliwym wp\u0142ywem biernego palenia, zwi\u0119kszenie wra\u017cliwo\u015bci dzieci na szkodliwo\u015b\u0107 dymu papierosowego i wykszta\u0142cenie \u015bwiadomej umiej\u0119tno\u015bci radzenia sobie w sytuacjach, w kt\u00f3rych inne osoby pal\u0105 przy nich papierosy, a tak\u017ce podniesienie kompetencji rodzic\u00f3w w zakresie ochrony dzieci przed ekspozycj\u0105 na dym tytoniowy, zwi\u0119kszenie wiedzy na temat skutk\u00f3w palenia papieros\u00f3w, tak\u017ce biernego.<br \/>\nPoszczeg\u00f3lne zaj\u0119cia skoncentrowane s\u0105 na odbiorze wra\u017ce\u0144 poprzez oddzia\u0142ywanie na wiele zmys\u0142\u00f3w dzieci oraz dostosowane s\u0105 do rozwoju poznawczego, aktywno\u015bci, do\u015bwiadcze\u0144 i potrzeb dziecka. Przewodnikiem dzieci w czasie programu jest posta\u0107 przyjaznego dinozaura Dinka, kt\u00f3ry nie lubi palaczy, ucieka przed dymem.<\/p>\n<h1 style=\"text-align: justify;\"><strong>3. Mamo, Tato Wol\u0119 Wod\u0119<\/strong><\/h1>\n<p style=\"text-align: justify;\">Program &#8222;Mamo, Tato, wol\u0119 wod\u0119!&#8221; ju\u017c od 2009 roku wspiera rodzic\u00f3w i nauczycieli w kszta\u0142towaniu zdrowych nawyk\u00f3w \u017cywieniowych u najm\u0142odszych. Jest on odpowiedzi\u0105 na narastaj\u0105cy w polskim spo\u0142ecze\u0144stwie, zw\u0142aszcza w\u015br\u00f3d dzieci, problem z nadwag\u0105 i oty\u0142o\u015bci\u0105<br \/>\nProgram poprzez edukacj\u0119 i zabaw\u0119 ma przeciwdzia\u0142a\u0107 temu zjawisku i podkre\u015bla\u0107 rol\u0119 wody w codziennej diecie dziecka.<\/p>\n<h1 style=\"text-align: justify;\"><strong>4. Kubusiowi Przyjaciele Natury<\/strong><\/h1>\n<p style=\"text-align: justify;\">Jest to jeden z najwi\u0119kszych program\u00f3w spo\u0142ecznych dla przedszkolak\u00f3w. Program ma na celu edukowanie dzieci w zakresie przyrody i ekologii. Dzieci ucz\u0105 si\u0119 szacunku do natury, poznaj\u0105 zwierz\u0119ta, ro\u015bliny, warzywa, owoce. Ucz\u0105 si\u0119 jak w codziennym \u017cyciu dba\u0107 o \u015brodowisko, jak oszcz\u0119dza\u0107 wod\u0119 i energi\u0119. Dzi\u0119ki akcji, dzieci i nauczyciele w przedszkolach otrzymuj\u0105 ciekawe materia\u0142y edukacyjne o tematyce przyrody i ekologii. Na ich podstawie realizuj\u0105 wiele dzia\u0142a\u0144, by zadba\u0107 o otaczaj\u0105ce nas \u015brodowisko.<\/p>\n<h1 style=\"text-align: justify;\"><strong>5. Ca\u0142a Polska Czyta Dzieciom<\/strong><\/h1>\n<p style=\"text-align: justify;\">Lata przedszkolne to dla ka\u017cdego dziecka czas niezwykle intensywnego poznawania \u015bwiata, gromadzenia wiedzy, rozwijania i doskonalenia wielu umiej\u0119tno\u015bci. Kluczowym narz\u0119dziem poznawczym, a zarazem warunkiem dobrego funkcjonowania w spo\u0142ecze\u0144stwie jest j\u0119zyk. Pozwala on my\u015ble\u0107, zadawa\u0107 pytania, opisywa\u0107 \u015bwiat i wyra\u017ca\u0107 swe opinie. U\u0142atwia zawieranie i piel\u0119gnowanie znajomo\u015bci, dzi\u0119ki niemu mo\u017cna snu\u0107 marzenia i refleksje. J\u0119zyk potrzebny jest nie tylko dzieciom, kt\u00f3re wci\u0105\u017c pytaj\u0105 &#8222;dlaczego?&#8221; i dzi\u0119ki temu szybko si\u0119 ucz\u0105, lepiej rozumiej\u0105 \u015bwiat i coraz sprawniej si\u0119 w nim poruszaj\u0105.<br \/>\nWprowadzaj\u0105c codzienne czytanie w przedszkolu pomagamy dzieciom w dobrym, a mo\u017ce nawet w doskona\u0142ym opanowaniu ojczystego j\u0119zyka.<\/p>\n<h1 style=\"text-align: justify;\"><strong>6. Przedszkole przyst\u0105pi\u0142o r\u00f3wnie\u017c do projektu &#8222;Szko\u0142a wsp\u00f3\u0142pracy&#8221;<\/strong><\/h1>\n<p style=\"text-align: justify;\"><strong>\u201eSzko\u0142a Wsp\u00f3\u0142pracy&#8221; &#8211;<\/strong> uczniowie i rodzice kapita\u0142em spo\u0142ecznym nowoczesnej szko\u0142y to nowy, og\u00f3lnopolski, systemowy projekt Ministerstwa Edukacji Narodowej.<br \/>\nProjekt ten jest nowatorskim przedsi\u0119wzi\u0119ciem, kt\u00f3rego jednym z najwa\u017cniejszych cel\u00f3w jest wprowadzenie w 1034 podmiotach \u2013 szko\u0142ach i przedszkolach z ca\u0142ej Polski nowoczesnego modelu wsp\u00f3\u0142pracy pomi\u0119dzy uczniami, rodzicami i nauczycielami w zakresie organizacji \u017cycia szko\u0142y.<br \/>\nProjekt skierowany jest nie tylko do \u015brodowisk szkolnych \u2013 uczni\u00f3w, rodzic\u00f3w, nauczycieli, dyrektor\u00f3w szk\u00f3\u0142, ale tak\u017ce do tzw. \u201eotoczenia szko\u0142y\u201d \u2013 pracownik\u00f3w jednostek samorz\u0105du terytorialnego oraz organizacji pozarz\u0105dowych.<br \/>\nDo udzia\u0142u w projekcie zapraszamy szko\u0142y i przedszkola z ca\u0142ej Polski o uprawnieniach szk\u00f3\u0142 i przedszkoli publicznych. Podczas etapu rekrutacji spo\u015br\u00f3d zg\u0142oszonych deklaracji udzia\u0142u w projekcie wybranych zostanie co najmniej 1034 szk\u00f3\u0142 i przedszkoli. W sumie wsparciem w ramach projektu obj\u0119tych zostanie ponad 6600 uczestnik\u00f3w.<\/p>\n<p style=\"text-align: justify;\">Projekt rozpocz\u0105\u0142 si\u0119 w marcu 2013r. i potrwa do ko\u0144ca lutego 2015 roku. Projekt wsp\u00f3\u0142finansowany jest ze \u015brodk\u00f3w Europejskiego Funduszu Spo\u0142ecznego w ramach Programu Operacyjnego Kapita\u0142 Ludzki, Priorytet III \u2013 Wysoka jako\u015b\u0107 systemu o\u015bwiaty.<\/p>\n<p style=\"text-align: justify;\"><a href=\"http:\/\/przedszkole-zarkiletnisko.pl\/wp-content\/uploads\/2015\/05\/PRZEDSZKOLNY_PROGRAM_AKTYWNEJ_WSP\u00d3\u0141PRACY.pdf\" target=\"_blank\">PRZEDSZKOLNY_PROGRAM_AKTYWNEJ_WSP\u00d3\u0141PRACY<\/a><\/p>\n<h1 style=\"text-align: justify;\"><strong>7. Dzieci\u0144stwo bez pr\u00f3chnicy<\/strong><\/h1>\n<p style=\"text-align: justify;\">Celem g\u0142\u00f3wnym Projektu jest obni\u017cenie cz\u0119stotliwo\u015bci wyst\u0119powania pr\u00f3chnicy z\u0119b\u00f3w u dzieci w wieku 0-5 lat.<\/p>\n<p style=\"text-align: justify;\">Cele bezpo\u015brednie Projektu to:<\/p>\n<p style=\"text-align: justify;\">1. poprawa zdrowia jamy ustnej dzieci w wieku 3-5 lat<br \/>\n2. wzrost \u015bwiadomo\u015bci i utrwalenie prawid\u0142owych nawyk\u00f3w w zakresie higieny jamy ustnej w grupach docelowych.<\/p>\n","protected":false},"excerpt":{"rendered":"<p>Og\u00f3lnopolskie programy realizowane przez nasze przedszkole: 1. Akademia Aquafresh &#8211; Og\u00f3lnopolski Program Edukacji Zdrowotnej dla Przedszkolak\u00f3w. Og\u00f3lnopolski Program Edukacji Zdrowotnej Akademia Aquafresh koncentruje si\u0119 na profilaktyce stomatologicznej dzieci w wieku przedszkolnym. Akademia Aquafresh zosta\u0142a powo\u0142ana z my\u015bl\u0105 o ochronie zdrowia dzieci, \u017ceby poprzez dzia\u0142ania edukacyjne wytwarza\u0107 w nich potrzeb\u0119 dbania o higien\u0119 jamy ustnej, a [&hellip;]<\/p>\n","protected":false},"author":1,"featured_media":0,"parent":0,"menu_order":0,"comment_status":"closed","ping_status":"closed","template":"","meta":{"footnotes":""},"class_list":["post-237","page","type-page","status-publish","hentry"],"_links":{"self":[{"href":"https:\/\/przedszkole-zarki.ugporaj.pl\/index.php?rest_route=\/wp\/v2\/pages\/237","targetHints":{"allow":["GET"]}}],"collection":[{"href":"https:\/\/przedszkole-zarki.ugporaj.pl\/index.php?rest_route=\/wp\/v2\/pages"}],"about":[{"href":"https:\/\/przedszkole-zarki.ugporaj.pl\/index.php?rest_route=\/wp\/v2\/types\/page"}],"author":[{"embeddable":true,"href":"https:\/\/przedszkole-zarki.ugporaj.pl\/index.php?rest_route=\/wp\/v2\/users\/1"}],"replies":[{"embeddable":true,"href":"https:\/\/przedszkole-zarki.ugporaj.pl\/index.php?rest_route=%2Fwp%2Fv2%2Fcomments&post=237"}],"version-history":[{"count":14,"href":"https:\/\/przedszkole-zarki.ugporaj.pl\/index.php?rest_route=\/wp\/v2\/pages\/237\/revisions"}],"predecessor-version":[{"id":1508,"href":"https:\/\/przedszkole-zarki.ugporaj.pl\/index.php?rest_route=\/wp\/v2\/pages\/237\/revisions\/1508"}],"wp:attachment":[{"href":"https:\/\/przedszkole-zarki.ugporaj.pl\/index.php?rest_route=%2Fwp%2Fv2%2Fmedia&parent=237"}],"curies":[{"name":"wp","href":"https:\/\/api.w.org\/{rel}","templated":true}]}}