{"id":41,"date":"2014-02-18T12:20:47","date_gmt":"2014-02-18T12:20:47","guid":{"rendered":"http:\/\/przedszkole-zarkiletnisko.pl\/?page_id=41"},"modified":"2026-01-29T12:47:35","modified_gmt":"2026-01-29T12:47:35","slug":"rekrutacja","status":"publish","type":"page","link":"https:\/\/przedszkole-zarki.ugporaj.pl\/?page_id=41","title":{"rendered":"Rekrutacja"},"content":{"rendered":"<p style=\"text-align: center;\"><strong>Zarz\u0105dzenie Nr OR.0050.3.2026<\/strong><\/p>\n<p style=\"text-align: center;\"><strong>W\u00f3jta Gminy Poraj<\/strong><\/p>\n<p style=\"text-align: center;\"><strong>z dnia 12 stycznia 2026 roku<\/strong><\/p>\n<p>&nbsp;<\/p>\n<p>w sprawie<strong> harmonogramu czynno\u015bci w post\u0119powaniu rekrutacyjnym oraz post\u0119powaniu uzupe\u0142niaj\u0105cym do przedszkoli, a tak\u017ce kryteri\u00f3w branych pod uwag\u0119 oraz dokument\u00f3w niezb\u0119dnych do potwierdzenia tych kryteri\u00f3w<\/strong><\/p>\n<p><strong>\u00a0<\/strong><\/p>\n<p>Na podstawie art. 131 ust. 4 i 6, art. 154 ustawy z dnia 14 grudnia 2016 r. Prawo o\u015bwiatowe (t.j. Dz. U. z 2024 r., poz. 737 z p\u00f3\u017an. zm.) <strong>zarz\u0105dzam, co nast\u0119puje:<\/strong><\/p>\n<p style=\"text-align: center;\"><strong>\u00a71<\/strong><\/p>\n<p>W post\u0119powaniu rekrutacyjnym i post\u0119powaniu uzupe\u0142niaj\u0105cym na rok szkolny 2025\/2026 do publicznych przedszkoli okre\u015bla si\u0119 nast\u0119puj\u0105ce terminy:<\/p>\n<p><strong>\u00a0<\/strong><\/p>\n<table>\n<tbody>\n<tr>\n<td width=\"471\"><strong>Rodzaj czynno<\/strong><strong>\u015bci \/ etap rekrutacji<\/strong><\/td>\n<td width=\"140\"><strong>Termin<\/strong><\/td>\n<\/tr>\n<tr>\n<td colspan=\"2\" width=\"611\"><strong>Kontynuacja edukacji przedszkolnej<\/strong><\/td>\n<\/tr>\n<tr>\n<td width=\"471\">Potwierdzenie kontynuowania przez dziecko edukacji przedszkolnej w kolejnym roku szkolnym<\/td>\n<td width=\"140\">\u00a012-30.01.2026r.<\/td>\n<\/tr>\n<tr>\n<td colspan=\"2\" width=\"611\"><strong>Post\u0119powanie rekrutacyjne do przedszkoli i oddzia\u0142\u00f3w przedszkolnych przy szko\u0142ach <\/strong><strong>podstawowych<\/strong><\/td>\n<\/tr>\n<tr>\n<td width=\"471\">Sk\u0142adanie podpisanych kart zg\u0142oszenia wraz z za\u0142\u0105cznikami<\/td>\n<td width=\"140\">02-27.02.2026r.<\/td>\n<\/tr>\n<tr>\n<td width=\"471\">Podanie do publicznej wiadomo\u015bci listy kandydat\u00f3w zakwalifikowanych i kandydat\u00f3w niezakwalifikowanych<\/td>\n<td width=\"140\">13.03.2026r.<\/td>\n<\/tr>\n<tr>\n<td width=\"471\">Pisemne potwierdzenie woli zapisu dziecka w przedszkolu, do kt\u00f3rego dziecko zosta\u0142o zakwalifikowane<\/td>\n<td width=\"140\">16-31.03.2026r.<\/td>\n<\/tr>\n<tr>\n<td width=\"471\">Podanie do publicznej wiadomo\u015bci listy kandydat\u00f3w przyj\u0119tych i kandydat\u00f3w nieprzyj\u0119tych<\/td>\n<td width=\"140\">10.04.2026r.<\/td>\n<\/tr>\n<tr>\n<td width=\"471\">Uruchomienie procedury odwo\u0142awczej:<\/p>\n<p>&#8211; w terminie 7 dni od dnia opublikowania list dzieci przyj\u0119tych i nieprzyj\u0119tych rodzic mo\u017ce wyst\u0105pi\u0107 do komisji rekrutacyjnej z wnioskiem o sporz\u0105dzenie uzasadnienia odmowy przyj\u0119cia,<\/p>\n<p>&#8211; w terminie 7 dni od dnia otrzymania uzasadnienia rodzic mo\u017ce wnie\u015b\u0107 do dyrektora przedszkola\/szko\u0142y odwo\u0142anie od rozstrzygni\u0119cia komisji rekrutacyjnej,<\/p>\n<p>&#8211; na rozstrzygniecie dyrektora przedszkola\/szko\u0142y s\u0142u\u017cy skarga do s\u0105du administracyjnego.<\/td>\n<td width=\"140\">od 10.04.2026r.<\/td>\n<\/tr>\n<\/tbody>\n<\/table>\n<p>&nbsp;<\/p>\n<table>\n<tbody>\n<tr>\n<td colspan=\"2\" width=\"614\"><strong>Post\u0119powanie uzupe\u0142niaj\u0105ce do przedszkoli i oddzia\u0142\u00f3w przedszkolnych w szko\u0142ach podstawowych<\/strong><\/td>\n<\/tr>\n<tr>\n<td width=\"132\">30.04.2026r.<\/td>\n<td width=\"482\">Opublikowanie wykazu wolnych miejsc<\/td>\n<\/tr>\n<tr>\n<td width=\"132\">30.04.-29.05.2026r.<\/td>\n<td width=\"482\">Z\u0142o\u017cenie w przedszkolu pierwszego wyboru podpisanego wniosku o przyj\u0119cie oraz dokument\u00f3w potwierdzaj\u0105cych spe\u0142nienie kryteri\u00f3w rekrutacyjnych<\/td>\n<\/tr>\n<tr>\n<td width=\"132\">05.06.2026r.<\/td>\n<td width=\"482\">Opublikowanie list dzieci zakwalifikowanych i niezakwalifikowanych<\/td>\n<\/tr>\n<tr>\n<td width=\"132\">05.06-19.06.2026r.<\/td>\n<td width=\"482\">Z\u0142o\u017cenie potwierdzenia woli zapisu dziecka w przedszkolu\/szkole, do kt\u00f3rej dziecko zosta\u0142o zakwalifikowane<\/td>\n<\/tr>\n<tr>\n<td width=\"132\">22.06.2026r.<\/td>\n<td width=\"482\">Opublikowanie list dzieci przyj\u0119tych i nieprzyj\u0119tych<\/td>\n<\/tr>\n<tr>\n<td width=\"132\">22.06.2026r.<\/td>\n<td width=\"482\">Procedura odwo\u0142awcza<\/td>\n<\/tr>\n<\/tbody>\n<\/table>\n<p style=\"text-align: center;\"><strong> \u00a7<\/strong><strong>2<\/strong><\/p>\n<p>W post\u0119powaniu rekrutacyjnym i post\u0119powaniu uzupe\u0142niaj\u0105cym na rok szkolny 2025\/2026 do publicznych przedszkoli obowi\u0105zuj\u0105 kryteria oraz dokumenty niezb\u0119dne do potwierdzenia tych kryteri\u00f3w, okre\u015blone w uchwale Rady Gminy Poraj Nr 284(XXXIV)17 z dnia 27 kwietnia 2017 r. w sprawie okre\u015blenia kryteri\u00f3w, liczby punkt\u00f3w i rodzaj\u00f3w dokument\u00f3w potwierdzaj\u0105cych spe\u0142nienie kryteri\u00f3w obowi\u0105zuj\u0105cych na drugim etapie post\u0119powania rekrutacyjnego do przedszkoli publicznych i oddzia\u0142\u00f3w przedszkolnych w szko\u0142ach podstawowych na terenie Gminy Poraj (Dz. Urz. Woj. \u015al. z 2017 poz. 3024 z dnia 10.05.2017)<\/p>\n<ul>\n<li>dziecko obojga rodzic\u00f3w\/rodzica samotnie wychowuj\u0105cego dziecko, opiekun\u00f3w prawnych\/opiekuna prawnego samotnie wychowuj\u0105cego dziecko, pracuj\u0105cych \/prowadz\u0105cych dzia\u0142alno\u015b\u0107 gospodarcz\u0105 lub ucz\u0105cych si\u0119 w systemie stacjonarnym \u2013 2 pkt;<\/li>\n<li>dziecko, obojga rodzic\u00f3w\/rodzica samotnie wychowuj\u0105cego dziecko, opiekun\u00f3w prawnych\/opiekuna prawnego samotnie wychowuj\u0105cego dziecko, pracuj\u0105cych \/prowadz\u0105cych dzia\u0142alno\u015b\u0107 gospodarcz\u0105 lub ucz\u0105cych si\u0119 w systemie stacjonarnym, kt\u00f3rego rodze\u0144stwo kontynuuje edukacj\u0119 w roku szkolnym, w kt\u00f3rym trwa rekrutacja w danym przedszkolu &#8211; 3 pkt;<\/li>\n<li>w miejscowo\u015bci po\u0142o\u017cenia przedszkola lub oddzia\u0142u przedszkolnego zamieszkuj\u0105 krewni kandydata wspieraj\u0105cy rodzic\u00f3w\/rodzica samotnie wychowuj\u0105cego dziecko, opiekun\u00f3w prawnych\/opiekuna prawnego samotnie wychowuj\u0105cego dziecko, pracuj\u0105cych \/prowadz\u0105cych dzia\u0142alno\u015b\u0107 gospodarcz\u0105 lub ucz\u0105cych si\u0119 w systemie stacjonarnym, w zapewnieniu mu nale\u017cytej opieki \u2013 2 pkt;<\/li>\n<li>dzieci z rodzin o udokumentowanej trudnej sytuacji rodzinnej lub materialnej, pozostaj\u0105cych pod opiek\u0105 Gminnego O\u015brodka Pomocy Spo\u0142ecznej lub pobieraj\u0105cych zasi\u0142ek rodzinny &#8211; 2 pkt.<\/li>\n<\/ul>\n<p style=\"text-align: center;\"><strong>\u00a7<\/strong><strong> 3<\/strong><\/p>\n<p>Dokumentami niezb\u0119dnymi do potwierdzenia kryteri\u00f3w okre\u015blonych w \u00a7 2 s\u0105:<\/p>\n<ul>\n<li>o\u015bwiadczenie rodzica\/rodzic\u00f3w\/opiekuna\/opiekun\u00f3w o miejscu pracy, prowadzeniu dzia\u0142alno\u015bci gospodarczej, o kszta\u0142ceniu \u2013 studiowaniu w systemie stacjonarnym ka\u017cdego z rodzic\u00f3w\/rodzica samotnie wychowuj\u0105cego dziecko, opiekun\u00f3w prawnych\/opiekuna prawnego samotnie wychowuj\u0105cego dziecko,<\/li>\n<li>o\u015bwiadczenie rodzica\/rodzic\u00f3w\/opiekuna\/opiekun\u00f3w o ucz\u0119szczaniu rodze\u0144stwa kandydata do danego przedszkola,<\/li>\n<li>o\u015bwiadczenie rodzica\/rodzic\u00f3w\/opiekuna\/opiekun\u00f3w o miejscu zamieszkania krewnych kandydata,<\/li>\n<li>o\u015bwiadczenie rodzica\/rodzic\u00f3w\/opiekuna\/opiekun\u00f3w o korzystaniu ze \u015bwiadcze\u0144 pieni\u0119\u017cnych z Gminnego O\u015brodka Pomocy Spo\u0142ecznej.<\/li>\n<\/ul>\n<p style=\"text-align: center;\"><strong>\u00a74<\/strong><\/p>\n<p>Wykonanie zarz\u0105dzenia powierza si\u0119 dyrektorom przedszkoli i szk\u00f3\u0142 podstawowych z oddzia\u0142ami przedszkolnymi.<\/p>\n<p style=\"text-align: center;\"><strong>\u00a75<\/strong><\/p>\n<p>Zarz\u0105dzenie podlega podaniu do publicznej wiadomo\u015bci przez og\u0142oszenie na stronie internetowej www.ugporaj.pl.<\/p>\n<p style=\"text-align: center;\"><strong>\u00a76<\/strong><\/p>\n<p>Zarz\u0105dzenie wchodzi w \u017cycie z dniem podpisania.<\/p>\n<p style=\"text-align: right;\">W\u00f3jt Gminy Poraj<\/p>\n<p style=\"text-align: right;\">Katarzyna Ka\u017amierczak<\/p>\n<p align=\"JUSTIFY\"><a href=\"https:\/\/drive.google.com\/file\/d\/1IFvQqRf9d7Gcy13r4MYI2NsayIJGx8hM\/view\" target=\"_blank\" rel=\"noopener\">Wniosek o przyj\u0119cie dziecka do SPP w \u017barkach Letnisku 2026\/2027<\/a><\/p>\n<p><a href=\"https:\/\/przedszkole-zarki.ugporaj.pl\/wp-content\/uploads\/2024\/02\/Potwierdzenie-woli-zapisu-dziecka-do-przedszkola.pdf\" target=\"_blank\" rel=\"noopener\">Potwierdzenie-woli-zapisu-dziecka-do-przedszkola<\/a><\/p>\n<p><a href=\"https:\/\/przedszkole-zarki.ugporaj.pl\/wp-content\/uploads\/2024\/02\/Zalacznik-nr-1-do-wniosku-o-przyjecie-dziecka.pdf\" target=\"_blank\" rel=\"noopener\">Zalacznik-nr-1-do-wniosku-o-przyjecie-dziecka<\/a><\/p>\n<table style=\"height: 5px;\" border=\"1\" width=\"405\" cellspacing=\"0\" cellpadding=\"7\">\n<tbody>\n<tr>\n<td width=\"373\"><\/td>\n<\/tr>\n<\/tbody>\n<\/table>\n","protected":false},"excerpt":{"rendered":"<p>Zarz\u0105dzenie Nr OR.0050.3.2026 W\u00f3jta Gminy Poraj z dnia 12 stycznia 2026 roku &nbsp; w sprawie harmonogramu czynno\u015bci w post\u0119powaniu rekrutacyjnym oraz post\u0119powaniu uzupe\u0142niaj\u0105cym do przedszkoli, a tak\u017ce kryteri\u00f3w branych pod uwag\u0119 oraz dokument\u00f3w niezb\u0119dnych do potwierdzenia tych kryteri\u00f3w \u00a0 Na podstawie art. 131 ust. 4 i 6, art. 154 ustawy z dnia 14 grudnia 2016 [&hellip;]<\/p>\n","protected":false},"author":1,"featured_media":0,"parent":0,"menu_order":0,"comment_status":"closed","ping_status":"closed","template":"","meta":{"footnotes":""},"class_list":["post-41","page","type-page","status-publish","hentry"],"_links":{"self":[{"href":"https:\/\/przedszkole-zarki.ugporaj.pl\/index.php?rest_route=\/wp\/v2\/pages\/41","targetHints":{"allow":["GET"]}}],"collection":[{"href":"https:\/\/przedszkole-zarki.ugporaj.pl\/index.php?rest_route=\/wp\/v2\/pages"}],"about":[{"href":"https:\/\/przedszkole-zarki.ugporaj.pl\/index.php?rest_route=\/wp\/v2\/types\/page"}],"author":[{"embeddable":true,"href":"https:\/\/przedszkole-zarki.ugporaj.pl\/index.php?rest_route=\/wp\/v2\/users\/1"}],"replies":[{"embeddable":true,"href":"https:\/\/przedszkole-zarki.ugporaj.pl\/index.php?rest_route=%2Fwp%2Fv2%2Fcomments&post=41"}],"version-history":[{"count":74,"href":"https:\/\/przedszkole-zarki.ugporaj.pl\/index.php?rest_route=\/wp\/v2\/pages\/41\/revisions"}],"predecessor-version":[{"id":12139,"href":"https:\/\/przedszkole-zarki.ugporaj.pl\/index.php?rest_route=\/wp\/v2\/pages\/41\/revisions\/12139"}],"wp:attachment":[{"href":"https:\/\/przedszkole-zarki.ugporaj.pl\/index.php?rest_route=%2Fwp%2Fv2%2Fmedia&parent=41"}],"curies":[{"name":"wp","href":"https:\/\/api.w.org\/{rel}","templated":true}]}}