{"id":4664,"date":"2018-05-25T07:13:31","date_gmt":"2018-05-25T07:13:31","guid":{"rendered":"http:\/\/przedszkole-zarkiletnisko.pl\/?page_id=4664"},"modified":"2018-07-12T10:22:24","modified_gmt":"2018-07-12T10:22:24","slug":"ochrona-danych-osobowych-2","status":"publish","type":"page","link":"https:\/\/przedszkole-zarki.ugporaj.pl\/?page_id=4664","title":{"rendered":"Ochrona Danych Osobowych"},"content":{"rendered":"<p align=\"JUSTIFY\"><span style=\"color: #000080;\"><span style=\"font-family: Times New Roman, serif;\"><span style=\"font-size: x-large;\"><b>Klauzula informacyjna dla uczni\u00f3w\/rodzic\u00f3w\/opiekun\u00f3w prawnych w \u017b\u0142obku Gminnym w \u017barkach Letnisku<\/b><\/span><\/span><\/span><\/p>\n<ol>\n<li>\n<p align=\"JUSTIFY\"><span style=\"color: #333333;\"><span style=\"font-family: Times New Roman, serif;\"><span style=\"font-size: large;\">Administratorem Twoich danych osobowych jest \u017b\u0142obek Gminny w \u017barkach Letnisku zwany dalej:<\/span><\/span><\/span><span style=\"color: #333333;\"><span style=\"font-family: Times New Roman, serif;\"><span style=\"font-size: large;\">\u00a0\u201eAdministratorem\u201d.\u00a0<\/span><\/span><\/span><\/p>\n<\/li>\n<\/ol>\n<p align=\"JUSTIFY\"><span style=\"color: #333333;\"><span style=\"font-family: Times New Roman, serif;\"><span style=\"font-size: large;\">Mo\u017cesz r\u00f3wnie\u017c skontaktowa\u0107 si\u0119 z Administratorem za po\u015brednictwem powo\u0142anego przez niego inspektora ochrony danych pisz\u0105c na adres: <\/span><\/span><\/span><span style=\"color: #0000ff;\"><span lang=\"zxx\"><u><a href=\"mailto:iod@ugporaj.pl\"><span style=\"font-family: Times New Roman, serif;\"><span style=\"font-size: large;\">iod@ugporaj.pl<\/span><\/span><\/a><\/u><\/span><\/span><\/p>\n<ol start=\"2\">\n<li>\n<p align=\"JUSTIFY\"><span style=\"color: #333333;\"><span style=\"font-family: Times New Roman, serif;\"><span style=\"font-size: large;\">Dane osobowe przetwarzane s\u0105 zgodnie z obowi\u0105zuj\u0105cymi przepisami prawa w celu realizacji obowi\u0105zku nauki i wype\u0142niania innych obowi\u0105zk\u00f3w wynikaj\u0105cych z przepis\u00f3w prawa o\u015bwiatowego. Podstaw\u0105 prawn\u0105 przetwarzania pozyskanych danych jest ustawa z dnia 14 grudnia 2016 roku Prawo o\u015bwiatowe (Dz.U. z 2017 roku, poz. 59, 949 i 2203 oraz z 2018 roku poz. 650 ze zm.) oraz ustaw\u0105 z dnia 7 wrze\u015bnia 1991 roku o systemie o\u015bwiaty (j.t. Dz.U. z 2017 roku, poz. 2198 ze zm.) i jej rozporz\u0105dzenia wykonawcze.<\/span><\/span><\/span><\/p>\n<\/li>\n<li>\n<p align=\"JUSTIFY\"><span style=\"color: #333333;\"><span style=\"font-family: Times New Roman, serif;\"><span style=\"font-size: large;\">Dane osobowe przetwarzane s\u0105 wy\u0142\u0105cznie w zakresie zwi\u0105zanym z realizacj\u0105 powy\u017cszych cel\u00f3w. Nie udost\u0119pniamy Twoich danych innym odbiorcom opr\u00f3cz podmiot\u00f3w upowa\u017cnionych na podstawie przepis\u00f3w prawa.<\/span><\/span><\/span><\/p>\n<\/li>\n<\/ol>\n<ol start=\"4\">\n<li>\n<p align=\"JUSTIFY\"><span style=\"color: #333333;\"><span style=\"font-family: Times New Roman, serif;\"><span style=\"font-size: large;\">Administrator nie zamierza przekazywa\u0107 danych osobowych do pa\u0144stwa trzeciego ani do organizacji mi\u0119dzynarodowych.<\/span><\/span><\/span><\/p>\n<\/li>\n<\/ol>\n<ol start=\"5\">\n<li>\n<p align=\"JUSTIFY\"><span style=\"color: #333333;\"><span style=\"font-family: Times New Roman, serif;\"><span style=\"font-size: large;\">Dane b\u0119d\u0105 przechowywane nie d\u0142u\u017cej ni\u017c jest to konieczne, tj. przez okres wyznaczony w\u0142a\u015bciwym przepisem prawa.<\/span><\/span><\/span><\/p>\n<\/li>\n<\/ol>\n<ol start=\"6\">\n<li>\n<p align=\"JUSTIFY\"><span style=\"color: #333333;\"><span style=\"font-family: Times New Roman, serif;\"><span style=\"font-size: large;\">Masz prawo \u017c\u0105da\u0107 od Administratora dost\u0119pu do swoich danych, ich sprostowania, zaktualizowania, jak r\u00f3wnie\u017c masz prawo do ograniczenia przetwarzania danych.<\/span><\/span><\/span><\/p>\n<\/li>\n<\/ol>\n<ol start=\"7\">\n<li>\n<p align=\"JUSTIFY\"><span style=\"color: #333333;\"><span style=\"font-family: Times New Roman, serif;\"><span style=\"font-size: large;\">W zwi\u0105zku z przetwarzaniem Twoich danych osobowych przez Administratora przys\u0142uguje Ci prawo wniesienia skargi do organu nadzorczego \u2013 Prezesa Urz\u0119du Ochrony Danych Osobowych.<\/span><\/span><\/span><\/p>\n<\/li>\n<li>\n<p align=\"JUSTIFY\"><span style=\"color: #333333;\"><span style=\"font-family: Times New Roman, serif;\"><span style=\"font-size: large;\">W oparciu o Twoje dane osobowe Administrator\u00a0nie b\u0119dzie\u00a0podejmowa\u0142 wobec Ciebie zautomatyzowanych decyzji, w tym decyzji b\u0119d\u0105cych wynikiem profilowania.<\/span><\/span><\/span><\/p>\n<\/li>\n<\/ol>\n<p><a href=\"http:\/\/przedszkole-zarkiletnisko.pl\/wp-content\/uploads\/2018\/07\/Rejestr-czynno\u015bci-przetwarzania-\u017b\u0142obek-Gminny-\u017barki-Letnisko.pdf\">Rejestr czynno\u015bci przetwarzania danych \u017b\u0142obek Gminny \u017barki Letnisko<\/a><\/p>\n","protected":false},"excerpt":{"rendered":"<p>Klauzula informacyjna dla uczni\u00f3w\/rodzic\u00f3w\/opiekun\u00f3w prawnych w \u017b\u0142obku Gminnym w \u017barkach Letnisku Administratorem Twoich danych osobowych jest \u017b\u0142obek Gminny w \u017barkach Letnisku zwany dalej:\u00a0\u201eAdministratorem\u201d.\u00a0 Mo\u017cesz r\u00f3wnie\u017c skontaktowa\u0107 si\u0119 z Administratorem za po\u015brednictwem powo\u0142anego przez niego inspektora ochrony danych pisz\u0105c na adres: iod@ugporaj.pl Dane osobowe przetwarzane s\u0105 zgodnie z obowi\u0105zuj\u0105cymi przepisami prawa w celu realizacji obowi\u0105zku nauki [&hellip;]<\/p>\n","protected":false},"author":1,"featured_media":0,"parent":0,"menu_order":0,"comment_status":"closed","ping_status":"closed","template":"","meta":{"footnotes":""},"class_list":["post-4664","page","type-page","status-publish","hentry"],"_links":{"self":[{"href":"https:\/\/przedszkole-zarki.ugporaj.pl\/index.php?rest_route=\/wp\/v2\/pages\/4664","targetHints":{"allow":["GET"]}}],"collection":[{"href":"https:\/\/przedszkole-zarki.ugporaj.pl\/index.php?rest_route=\/wp\/v2\/pages"}],"about":[{"href":"https:\/\/przedszkole-zarki.ugporaj.pl\/index.php?rest_route=\/wp\/v2\/types\/page"}],"author":[{"embeddable":true,"href":"https:\/\/przedszkole-zarki.ugporaj.pl\/index.php?rest_route=\/wp\/v2\/users\/1"}],"replies":[{"embeddable":true,"href":"https:\/\/przedszkole-zarki.ugporaj.pl\/index.php?rest_route=%2Fwp%2Fv2%2Fcomments&post=4664"}],"version-history":[{"count":3,"href":"https:\/\/przedszkole-zarki.ugporaj.pl\/index.php?rest_route=\/wp\/v2\/pages\/4664\/revisions"}],"predecessor-version":[{"id":4874,"href":"https:\/\/przedszkole-zarki.ugporaj.pl\/index.php?rest_route=\/wp\/v2\/pages\/4664\/revisions\/4874"}],"wp:attachment":[{"href":"https:\/\/przedszkole-zarki.ugporaj.pl\/index.php?rest_route=%2Fwp%2Fv2%2Fmedia&parent=4664"}],"curies":[{"name":"wp","href":"https:\/\/api.w.org\/{rel}","templated":true}]}}