{"id":6399,"date":"2020-05-11T09:42:42","date_gmt":"2020-05-11T09:42:42","guid":{"rendered":"http:\/\/przedszkole-zarkiletnisko.pl\/?page_id=6399"},"modified":"2020-07-09T06:11:47","modified_gmt":"2020-07-09T06:11:47","slug":"zarzadzenia-przedszkole","status":"publish","type":"page","link":"https:\/\/przedszkole-zarki.ugporaj.pl\/?page_id=6399","title":{"rendered":"Zarz\u0105dzenia przedszkole"},"content":{"rendered":"\n<p class=\"has-text-align-center\"><strong>ZARZ\u0104DZENIE NR 7\/2020<\/strong><\/p>\n\n\n\n<p class=\"has-text-align-center\"><strong>Dyrektora Samorz\u0105dowego Przedszkola Publicznego w \u017barkach Letnisku<\/strong> <strong>z dnia 09.07.2020r.w sprawie wprowadzenia do stosowania instrukcji kancelaryjnej, jednolitego rzeczowego wykazu akt, instrukcji w sprawie organizacji i zakresu dzia\u0142ania sk\u0142adnicy akt w Samorz\u0105dowym Przedszkolu Publicznym w \u017barkach Letnisku<\/strong><\/p>\n\n\n\n<p class=\"has-text-align-center\">Na podstawie: <em>art. 6 ust. 1 &#8211; 4 ustawy z dnia 14 lipca 1983r. o narodowym zasobie archiwalnym i archiwum (Dz. U. z 2020r. poz. 164), rozporz\u0105dzenia Ministra Kultury i Dziedzictwa Narodowego z dnia 20 pa\u017adziernika 2015r. w sprawie klasyfikowania i kwalifikowania dokumentacji, przekazywania materia\u0142\u00f3w archiwalnych do archiw\u00f3w pa\u0144stwowych o brakowania dokumentacji niearchiwalnej (Dz. U. 2015 poz. 1743)<\/em> zarz\u0105dzam, co nast\u0119puje:<\/p>\n\n\n\n<p class=\"has-text-align-center\">\u00a7 1<\/p>\n\n\n\n<p class=\"has-text-align-center\">Wprowadzono do stosowania w Samorz\u0105dowym Przedszkolu Publicznym w \u017barkach Letnisku:<\/p>\n\n\n\n<ol class=\"wp-block-list\"><li>Instrukcj\u0119 kancelaryjn\u0105, kt\u00f3ra stanowi za\u0142\u0105cznik nr 1 do niniejszego zarz\u0105dzenia.<\/li><li>Jednolity rzeczowy wykaz akt, kt\u00f3ry stanowi za\u0142\u0105cznik nr 2 do niniejszego zarz\u0105dzenia.<\/li><li>Instrukcj\u0119 w sprawie organizacji i zakresu dzia\u0142ania sk\u0142adnicy akt, kt\u00f3ra stanowi za\u0142\u0105cznik nr 3 do niniejszego zarz\u0105dzenia.<\/li><\/ol>\n\n\n\n<p class=\"has-text-align-center\">\u00a7 2<\/p>\n\n\n\n<p class=\"has-text-align-center\">Dokumentacj\u0119 spraw niezako\u0144czonych powsta\u0142\u0105 i zgromadzon\u0105 w Samorz\u0105dowym Przedszkolu Publicznym w \u017barkach Letnisku przed dniem wej\u015bcia w \u017cycie niniejszego zarz\u0105dzenia za\u0142atwia si\u0119 bez zmiany dotychczasowego znaku sprawy a\u017c do zako\u0144czenia sprawy.<\/p>\n\n\n\n<p class=\"has-text-align-center\">\u00a7 3<\/p>\n\n\n\n<p class=\"has-text-align-center\">Dokumentacja wytworzona i zgromadzona w Samorz\u0105dowym Przedszkolu Publicznym w \u017barkach Letnisku przed dniem wej\u015bcia w \u017cycie niniejszego zarz\u0105dzenia podlega ponownej kwalifikacji do kategorii archiwalnych okre\u015blonych w jednolitym rzeczowym wykazie akt, je\u017celi dotychczasowe przepisy okre\u015blaj\u0105 ni\u017csz\u0105 warto\u015b\u0107 archiwaln\u0105 tej dokumentacji lub kr\u00f3tszy czas jej przechowywania.<\/p>\n\n\n\n<p class=\"has-text-align-center\">\u00a7 4<\/p>\n\n\n\n<p class=\"has-text-align-center\">Zobowi\u0105zuj\u0119 nauczycieli oraz pracownik\u00f3w administracji do zapoznania si\u0119 z tre\u015bci\u0105 dokumentu i przyj\u0119cie do stosowania.<\/p>\n\n\n\n<p class=\"has-text-align-center\">\u00a7 5<\/p>\n\n\n\n<p class=\"has-text-align-center\">Zarz\u0105dzenie wchodzi w \u017cycie z dniem podpisania.<\/p>\n\n\n\n<p class=\"has-text-align-right\">Dyrektor SPP w \u017barkach Letnisku<\/p>\n\n\n\n<p class=\"has-text-align-right\"><strong>Joanna Sawicka<\/strong><\/p>\n\n\n\n<div class=\"wp-block-file aligncenter\"><a href=\"http:\/\/przedszkole-zarkiletnisko.pl\/wp-content\/uploads\/2020\/07\/Instrukcja-kancelaryjna.pdf\">Za\u0142\u0105cznik nr 1 do Zarz\u0105dzenia nr 7\/2020 &#8211;<br>Instrukcja kancelaryjna<\/a><a href=\"http:\/\/przedszkole-zarkiletnisko.pl\/wp-content\/uploads\/2020\/07\/Instrukcja-kancelaryjna.pdf\" class=\"wp-block-file__button\" download>Pobierz<\/a><\/div>\n\n\n\n<div class=\"wp-block-file aligncenter\"><a href=\"http:\/\/przedszkole-zarkiletnisko.pl\/wp-content\/uploads\/2020\/07\/Jednolity-rzeczowy-wykaz-akt.pdf\">Za\u0142\u0105cznik nr 2 do Zarz\u0105dzenia nr 7\/2020 &#8211; <br>Jednolity rzeczowy wykaz akt<\/a><a href=\"http:\/\/przedszkole-zarkiletnisko.pl\/wp-content\/uploads\/2020\/07\/Jednolity-rzeczowy-wykaz-akt.pdf\" class=\"wp-block-file__button\" download>Pobierz<\/a><\/div>\n\n\n\n<div class=\"wp-block-file aligncenter\"><a href=\"http:\/\/przedszkole-zarkiletnisko.pl\/wp-content\/uploads\/2020\/07\/Instrukcja-o-organizacji-sk\u0142adnicy-akt.pdf\">Za\u0142\u0105cznik nr 3 do Zarz\u0105dzenia nr 7\/2020 &#8211; Instrukcja w sprawie organizacji i zakresu dzia\u0142ania sk\u0142adnicy akt<\/a><a href=\"http:\/\/przedszkole-zarkiletnisko.pl\/wp-content\/uploads\/2020\/07\/Instrukcja-o-organizacji-sk\u0142adnicy-akt.pdf\" class=\"wp-block-file__button\" download>Pobierz<\/a><\/div>\n\n\n\n<p class=\"has-text-align-center\"><strong>ZARZ\u0104DZENIE NR 6\/2020<\/strong><\/p>\n\n\n\n<p class=\"has-text-align-center\"><strong>Dyrektora Samorz\u0105dowego Przedszkola Publicznego w \u017barkach Letnisku<\/strong><\/p>\n\n\n\n<p class=\"has-text-align-center\"><strong>z dnia 23.06.2020r.<\/strong><strong>w sprawie <\/strong><strong>powo\u0142ania Komisji Socjalnej<\/strong><\/p>\n\n\n\n<p class=\"has-text-align-center\">Na podstawie \u00a72 Regulaminu korzystania z Zak\u0142adowego Funduszu \u015awiadcze\u0144 Socjalnych<br>w Samorz\u0105dowym Przedszkolu Publicznym w \u017barkach Letnisku zarz\u0105dzam, co nast\u0119puje:<\/p>\n\n\n\n<div class=\"wp-block-group\"><div class=\"wp-block-group__inner-container is-layout-flow wp-block-group-is-layout-flow\">\n<p class=\"has-text-align-center\">\u00a7 1<\/p>\n\n\n\n<p class=\"has-text-align-center\">&nbsp;Powo\u0142uj\u0119 Komisj\u0119 Socjaln\u0105 &nbsp;w Samorz\u0105dowym Przedszkolu Publicznym w \u017barkach Letnisku w sk\u0142adzie:<\/p>\n\n\n\n<ol class=\"wp-block-list\"><li>Sawicka Joanna \u2013 przewodnicz\u0105cy \u2013 Dyrektor Samorz\u0105dowego Przedszkola Publicznego<br>w \u017barkach Letnisku<\/li><li>Aleksandra \u015amiejkowska-Jasi\u0144ska &#8211; cz\u0142onek \u2013 przedstawiciel pracownik\u00f3w<\/li><li>Agata Majstryszyn-Zalejska &#8211; cz\u0142onek \u2013 przedstawiciel pracownik\u00f3w<\/li><li>Agata Rosiko\u0144 &#8211; cz\u0142onek \u2013 przedstawiciel ZNP<\/li><\/ol>\n\n\n\n<p class=\"has-text-align-center\">\u00a7 2<\/p>\n\n\n\n<p class=\"has-text-align-center\">Komisja Socjalna wykonuje swoje zadania na podstawie \u00a7 2 Regulaminu korzystania<br>z Zak\u0142adowego Funduszu \u015awiadcze\u0144 Socjalnych w Samorz\u0105dowym Przedszkolu Publicznym w \u017barkach Letnisku.<\/p>\n\n\n\n<p class=\"has-text-align-center\">\u00a7 3<\/p>\n\n\n\n<p class=\"has-text-align-center\">&nbsp;Zarz\u0105dzenie wchodzi w \u017cycie z dniem podpisania.<\/p>\n<\/div><\/div>\n\n\n\n<p class=\"has-text-align-right\">Dyrektor SPP w \u017barkach Letnisku<\/p>\n\n\n\n<p class=\"has-text-align-right\"><strong>Joanna Sawicka<\/strong><\/p>\n\n\n\n<p class=\"has-text-align-center\"><strong>ZARZ\u0104DZENIE NR 5\/2020<\/strong> <strong>Dyrektora Samorz\u0105dowego Przedszkola Publicznego w \u017barkach Letnisku<\/strong> <strong>z dnia 15 maja 2020 w sprawie procedur bezpiecze\u0144stwa na terenie<\/strong> <strong>plac\u00f3wki w okresie pandemii COVID-19<\/strong><\/p>\n\n\n\n<p class=\"has-text-align-center\">Na podstawie :<\/p>\n\n\n\n<p class=\"has-text-align-center\"><em>Ustawa z dnia 5 grudnia 2008 r. o zapobieganiu oraz zwalczaniu zaka\u017ce\u0144 i chor\u00f3b zaka\u017anych u ludzi (Dz.U. z 2019 r. poz.1239 ze zm.),<\/em><\/p>\n\n\n\n<p class=\"has-text-align-center\"><em>Ustawa z dnia 14 marca 1985 r. o Pa\u0144stwowej Inspekcji Sanitarnej (Dz.U. z 2019 r. poz. 59ze zm.),<\/em><\/p>\n\n\n\n<p class=\"has-text-align-center\"><em>Ustawa z dnia 14 grudnia 2016 r. Prawo o\u015bwiatowe (Dz.U. z 2019 r. poz. 1148ze. zm.),<\/em><\/p>\n\n\n\n<p class=\"has-text-align-center\"><em>Rozporz\u0105dzenie Ministra Edukacji Narodowej i Sportu w sprawie bezpiecze\u0144stwa i higieny<br>w publicznych i niepublicznych szko\u0142ach i plac\u00f3wkach (Dz.U. z 2003 r. Nr 6 poz. 69 ze zm.)<\/em><\/p>\n\n\n\n<p class=\"has-text-align-center\"><em>\u00a71 Rozporz\u0105dzenie Ministra Edukacji Narodowej z dnia 20 marca 2020 r. w sprawie szczeg\u00f3lnych rozwi\u0105za\u0144 w okresie czasowego ograniczenia funkcjonowania jednostek systemu o\u015bwiaty w zwi\u0105zku z zapobieganiem, przeciwdzia\u0142aniem i zwalczaniem COVID-19( Dz. U z 2020r. poz.493)<\/em><\/p>\n\n\n\n<p class=\"has-text-align-center\"><em>Rozporz\u0105dzenia MEN z dnia 29 kwietnia 2020 r. zmieniaj\u0105ce rozporz\u0105dzenie w sprawie szczeg\u00f3lnych rozwi\u0105za\u0144 w okresie czasowego ograniczenia funkcjonowania jednostek systemu o\u015bwiaty w zwi\u0105zku zapobieganiem, przeciwdzia\u0142aniem i zwalczaniem COVID-19art. 8a ust. 5 pkt 2 ustawy z dnia 14 marca 1985 r. o Pa\u0144stwowej Inspekcji Sanitarnej (Dz. U. z 2019 r. poz. 59, oraz z 2020 r. poz. 322, 374,567)<\/em><\/p>\n\n\n\n<p class=\"has-text-align-center\"><em>Wytyczne przeciwepidemiczne G\u0142\u00f3wnego Inspektora Sanitarnego z dnia 4 maja 2020r. dla przedszkoli, oddzia\u0142\u00f3w przedszkolnych w szkole podstawowej i innych form wychowania przedszkolnego oraz instytucji opieki nad dzie\u0107mi w wieku do lat 3, wydane na podstawie art. 8a ust. 5 pkt 2 Ustawy z dnia 14 marca 1985r. o Pa\u0144stwowej Inspekcji Sanitarnej (Dz.U. z 2019r. poz. 59 oraz z 2020r. poz. 322, 374 i 567).<\/em><\/p>\n\n\n\n<p class=\"has-text-align-center\">w zwi\u0105zku z otwarciem przedszkoli od dnia 25 maja 2020r. zarz\u0105dzam, co nast\u0119puje:<\/p>\n\n\n\n<p class=\"has-text-align-center\">\u00a7 1<\/p>\n\n\n\n<p class=\"has-text-align-center\">1.Wprowadza si\u0119 \u201eProcedury bezpiecze\u0144stwa na terenie plac\u00f3wki w okresie pandemii COVID-19\u201d, stanowi\u0105ce za\u0142\u0105cznik nr 1 do Zarz\u0105dzenia.<\/p>\n\n\n\n<p class=\"has-text-align-center\">2.Procedury obowi\u0105zuj\u0105 wszystkich pracownik\u00f3w Samorz\u0105dowego Przedszkola Publicznego w \u017barkach Letnisku oraz rodzic\u00f3w kt\u00f3rzy b\u0119d\u0105 korzysta\u0107 z opieki przedszkola.<\/p>\n\n\n\n<p class=\"has-text-align-center\">3.Zarz\u0105dzenie zobowi\u0105zuje wy\u017cej wspomnianych do przestrzegania postanowie\u0144 zawartych w procedurach.<\/p>\n\n\n\n<p class=\"has-text-align-center\">\u00a7 2<\/p>\n\n\n\n<p class=\"has-text-align-center\">Zmiany w Procedurach bezpiecze\u0144stwa na terenie plac\u00f3wki w okresie pandemii COVID-19, wynikaj\u0105ce m.in. z nowelizacji obowi\u0105zuj\u0105cych przepis\u00f3w lub innych przyczyn b\u0119d\u0105 dokonywane w formie aneks\u00f3w.<\/p>\n\n\n\n<p class=\"has-text-align-center\">\u00a7 3<\/p>\n\n\n\n<p class=\"has-text-align-center\">Zarz\u0105dzenie wchodzi w \u017cycie z dniem podpisania tj. 15 maja 2020r.<\/p>\n\n\n\n<p class=\"has-text-align-right\"><strong>Dyrektor SPP w \u017barkach Letnisku<\/strong><\/p>\n\n\n\n<p class=\"has-text-align-right\">Joanna Sawicka<\/p>\n\n\n\n<p class=\"has-text-align-center\"><strong>ZARZ\u0104DZENIE NR 4\/2020<\/strong> <strong>Dyrektora Samorz\u0105dowego Przedszkola Publicznego<\/strong> <strong>w \u017barkach Letnisku<\/strong> <strong>z dnia 06.05.2020r. w sprawie czasowego zawieszenia zaj\u0119\u0107<\/strong> <strong>w Samorz\u0105dowym Przedszkolu Publicznym w zwi\u0105zku z zapobieganiem, przeciwdzia\u0142aniem i zwalczaniem COVID-19<\/strong><\/p>\n\n\n\n<p class=\"has-text-align-center\"><em>Na podstawie \u00a7 18 ust. 2 pkt 2 rozporz\u0105dzenia Ministra Edukacji Narodowej i Sportu z dnia 31 grudnia 2002 r. w sprawie bezpiecze\u0144stwa i higieny w publicznych i niepublicznych szko\u0142ach i plac\u00f3wkach (Dz. U. z 2003 r., Nr 6, poz. 69 z p\u00f3\u017an. zm.), \u00a7 4b pkt 1 rozporz\u0105dzenia Ministra Edukacji Narodowej z dnia 11 marca 2020 r. w sprawie czasowego ograniczenia funkcjonowania jednostek systemu o\u015bwiaty w zwi\u0105zku z zapobieganiem, przeciwdzia\u0142aniem i zwalczaniem COVID-19 (Dz. U. poz. 410), \u00a7 14 rozporz\u0105dzenia Ministra Edukacji Narodowej z dnia 20 marca 2020 r. w sprawie szczeg\u00f3lnych rozwi\u0105za\u0144 w okresie czasowego ograniczenia funkcjonowania jednostek systemu o\u015bwiaty w zwi\u0105zku z zapobieganiem, przeciwdzia\u0142aniem i zwalczaniem COVID-19 (Dz. U. poz. 493), po uzyskaniu zgody organu prowadz\u0105cego<\/em><\/p>\n\n\n\n<p class=\"has-text-align-center\"><strong>zarz\u0105dzam, co nast\u0119puje:<\/strong><\/p>\n\n\n\n<p class=\"has-text-align-center\"><strong>\u00a7&nbsp;1.<\/strong><\/p>\n\n\n\n<p class=\"has-text-align-center\">1.&nbsp;Zawiesza si\u0119 na czas oznaczony prowadzenie dzia\u0142alno\u015bci dydaktycznej, wychowawczej<br>i opieku\u0144czej Samorz\u0105dowego Przedszkola Publicznego w \u017barkach Letnisku w okresie od dnia 6 maja 2020 r. do dnia 22 maja 2020r. w zwi\u0105zku z zapobieganiem, przeciwdzia\u0142aniem<br>i zwalczaniem COVID-19.<\/p>\n\n\n\n<p class=\"has-text-align-center\">2.&nbsp;W okresie czasowego zawieszenia zaj\u0119\u0107, o kt\u00f3rym mowa w ust. 1, zadania Samorz\u0105dowego Przedszkola Publicznego w \u017barkach Letnisku s\u0105 prowadzone z wykorzystaniem metod i technik kszta\u0142cenia na odleg\u0142o\u015b\u0107.<\/p>\n\n\n\n<p class=\"has-text-align-center\"><strong>\u00a7&nbsp;2.<\/strong><\/p>\n\n\n\n<p class=\"has-text-align-center\">Zarz\u0105dzenie podlega og\u0142oszeniu na stronie internetowej <a href=\"http:\/\/www.przedszkole-zarkiletnisko.pl\/\">www.przedszkole-zarkiletnisko.pl<\/a> oraz na tablicy og\u0142osze\u0144 Samorz\u0105dowego Przedszkola Publicznego w \u017barkach Letnisku.<\/p>\n\n\n\n<p class=\"has-text-align-center\"><strong>\u00a7&nbsp;3.<\/strong><\/p>\n\n\n\n<p class=\"has-text-align-center\">Zarz\u0105dzenie wchodzi w \u017cycie z dniem podpisania.<\/p>\n\n\n\n<p class=\"has-text-align-right\"><strong>Dyrektor SPP w \u017barkach Letnisku<\/strong><\/p>\n\n\n\n<p class=\"has-text-align-right\">Joanna Sawicka<\/p>\n\n\n\n<p><\/p>\n\n\n\n<p class=\"has-text-align-center\"><strong>ZARZ\u0104DZENIE NR 3\/2020<\/strong> <strong>Dyrektora Samorz\u0105dowego Przedszkola Publicznego w \u017barkach Letnisku<\/strong> <strong>z dnia 06.05.2020r. w sprawie powo\u0142ania Komisji Rekrutacyjnej<\/strong><\/p>\n\n\n\n<p class=\"has-text-align-center\">Podstawa prawna: <em>Art. 157 Ustawy z dnia 14 grudnia 2016 r. &#8211; Prawo o\u015bwiatowe (Dz.U. 2017 poz. 59), \u00a79 ust. 4 Rozporz\u0105dzenia Ministra Edukacji Narodowej z dnia 16 marca 2017 r. w sprawie przeprowadzania post\u0119powania rekrutacyjnego oraz post\u0119powania uzupe\u0142niaj\u0105cego do publicznych przedszkoli, szk\u00f3\u0142<br>i plac\u00f3wek (Dz.U. 2017 poz. 610)<\/em><\/p>\n\n\n\n<p class=\"has-text-align-center\">\u00a7 1<\/p>\n\n\n\n<p class=\"has-text-align-center\">Powo\u0142uj\u0119 Komisj\u0119 Rekrutacyjn\u0105 &nbsp;(zwan\u0105 dalej Komisj\u0105) do przeprowadzenia post\u0119powanie rekrutacyjnego na rok szkolny 2020\/2021 w Samorz\u0105dowym Przedszkolu Publicznym w \u017barkach Letnisku.<\/p>\n\n\n\n<p class=\"has-text-align-center\">\u00a7 2<\/p>\n\n\n\n<p>Do zada\u0144 Komisji nale\u017cy:<\/p>\n\n\n\n<ol class=\"wp-block-list\"><li>weryfikacja spe\u0142niania przez kandydata warunk\u00f3w lub kryteri\u00f3w branych pod uwag\u0119<br>w post\u0119powaniu rekrutacyjnym,<\/li><li>ustalenie wynik\u00f3w post\u0119powania rekrutacyjnego i podanie do publicznej wiadomo\u015bci listy kandydat\u00f3w zakwalifikowanych i niezakwalifikowanych,<\/li><li>ustalenie i podanie listy kandydat\u00f3w przyj\u0119tych i nieprzyj\u0119tych do publicznej wiadomo\u015bci,<\/li><li>sporz\u0105dzenie protoko\u0142u post\u0119powania rekrutacyjnego,<\/li><li>sporz\u0105dzenie uzasadnienie odmowy przyj\u0119cia kandydata.<\/li><\/ol>\n\n\n\n<p class=\"has-text-align-center\">\u00a7 3<\/p>\n\n\n\n<p class=\"has-text-align-center\">W sk\u0142ad komisji wchodz\u0105:<\/p>\n\n\n\n<p class=\"has-text-align-center\">Wioletta Wietrzy\u0144ska \u2013 przewodnicz\u0105ca, nauczyciel<\/p>\n\n\n\n<p class=\"has-text-align-center\">Aleksandra \u015amiejkowska-Jasi\u0144ska \u2013 cz\u0142onek<\/p>\n\n\n\n<p class=\"has-text-align-center\">\u00a7 4<\/p>\n\n\n\n<p class=\"has-text-align-center\">&nbsp;Zarz\u0105dzenie wchodzi w \u017cycie z dniem podpisania.<\/p>\n\n\n\n<p class=\"has-text-align-right\"><strong>Dyrektor SPP w \u017barkach Letnisku<\/strong><\/p>\n\n\n\n<p class=\"has-text-align-right\">Joanna Sawicka<\/p>\n\n\n\n<p><\/p>\n\n\n\n<p class=\"has-text-align-center\"><strong>ZARZ\u0104DZENIE NR 2\/2020<\/strong> <strong>Dyrektora Samorz\u0105dowego Przedszkola Publicznego w \u017barkach Letnisku<\/strong> <strong>z dnia 24.03.2020r. w sprawie: procedur kszta\u0142cenia na odleg\u0142o\u015b\u0107<\/strong><\/p>\n\n\n\n<p class=\"has-text-align-center\">Na podstawie:<\/p>\n\n\n\n<p class=\"has-text-align-center\"><em>art.68 ust 1 pkt 1Ustawy z dnia 14 grudnia 2016r. prawo o\u015bwiatowe (Dz.U. z2019r .poz. 1148 ze zm.)<\/em><\/p>\n\n\n\n<p class=\"has-text-align-center\"><em>Rozporz\u0105dzenia MENz dnia 20 marca 2020r. zmieniaj\u0105cego rozporz\u0105dzenie w sprawie czasowego ograniczenia funkcjonowania jednostek systemu o\u015bwiaty w zwi\u0105zku z zapobieganiem, przeciwdzia\u0142aniem i zwalczaniem COVID-19 (Dz.U. z 2020r., poz.492),<\/em><\/p>\n\n\n\n<p class=\"has-text-align-center\"><em>Rozporz\u0105dzenia MENz dnia 20marca 2020r. w sprawie szczeg\u00f3lnych rozwi\u0105za\u0144 w okresie czasowego ograniczenia funkcjonowania jednostek systemu o\u015bwiaty w zwi\u0105zku z zapobieganiem, przeciwdzia\u0142aniem i zwalczaniem COVID-19 (Dz.U. z 2020r., poz.493)<\/em><\/p>\n\n\n\n<p class=\"has-text-align-center\">Zarz\u0105dzam co nast\u0119puje:<\/p>\n\n\n\n<p class=\"has-text-align-center\">\u00a7 1.<\/p>\n\n\n\n<p class=\"has-text-align-center\">Na okres czasowego ograniczenia funkcjonowania przedszkola w zwi\u0105zku z zapobieganiem, przeciwdzia\u0142aniem i zwalczaniem COVID-19 wprowadzam procedury kszta\u0142cenia na odleg\u0142o\u015b\u0107, okre\u015blone w celu realizacji programu nauczania stanowi\u0105ce za\u0142\u0105cznik do zarz\u0105dzenia.<\/p>\n\n\n\n<p class=\"has-text-align-center\">\u00a7 2.<\/p>\n\n\n\n<p class=\"has-text-align-center\">Zarz\u0105dzenie wchodzi w \u017cycie z dniem podpisania, z moc\u0105 od 25 marca 2020r.<\/p>\n\n\n\n<p class=\"has-text-align-right\"><strong>Dyrektor SPP w \u017barkach Letnisku<\/strong><\/p>\n\n\n\n<p class=\"has-text-align-right\">Joanna Sawicka<\/p>\n\n\n\n<div class=\"wp-block-file\"><a href=\"http:\/\/przedszkole-zarkiletnisko.pl\/wp-content\/uploads\/2020\/05\/Za\u0142\u0105cznik-do-zarz\u0105dzenia-nr-2.pdf\">Za\u0142\u0105cznik do zarz\u0105dzenia nr 2\/2020<\/a><a href=\"http:\/\/przedszkole-zarkiletnisko.pl\/wp-content\/uploads\/2020\/05\/Za\u0142\u0105cznik-do-zarz\u0105dzenia-nr-2.pdf\" class=\"wp-block-file__button\" download>Pobierz<\/a><\/div>\n\n\n\n<p><\/p>\n\n\n\n<p class=\"has-text-align-center\"><strong>ZARZ\u0104DZENIE NR 1\/2020 Dyrektora Samorz\u0105dowego Przedszkola Publicznego w \u017barkach Letnisku z dnia 13.03.2020r. w sprawie wprowadzenia zasad post\u0119powania epidemiologicznego i medycznego w zwi\u0105zku z ryzykiem wyst\u0105pienia zaka\u017cenia koronawirusa 2019-nCoV<\/strong><\/p>\n\n\n\n<p class=\"has-text-align-center\">\u00a7 1<\/p>\n\n\n\n<p class=\"has-text-align-center\">Wprowadza si\u0119 procedur\u0119 post\u0119powania medycznego w przypadku podejrzenia zaka\u017cenia koronawirusem 2019-nCoV u pracownik\u00f3w Samorz\u0105dowego Przedszkola Publicznego w \u017barkach Letnisku.<\/p>\n\n\n\n<p class=\"has-text-align-center\">\u00a7 2<\/p>\n\n\n\n<p class=\"has-text-align-center\">Schemat post\u0119powania w przypadku zar\u00f3wno podejrzenia jak i wyst\u0105pienia zaka\u017cenia zawarty w za\u0142\u0105czniku do zarz\u0105dzenia opracowany na podstawie informacji G\u0142\u00f3wnego Inspektora Sanitarnego.<\/p>\n\n\n\n<p class=\"has-text-align-center\">\u00a7 3<\/p>\n\n\n\n<p class=\"has-text-align-center\">Zarz\u0105dzenie wchodzi z dniem podpisania.<\/p>\n\n\n\n<p class=\"has-text-align-right\"><strong>Dyrektor SPP w \u017barkach Letnisku<\/strong><\/p>\n\n\n\n<p class=\"has-text-align-right\">Joanna Sawicka<\/p>\n","protected":false},"excerpt":{"rendered":"<p>ZARZ\u0104DZENIE NR 7\/2020 Dyrektora Samorz\u0105dowego Przedszkola Publicznego w \u017barkach Letnisku z dnia 09.07.2020r.w sprawie wprowadzenia do stosowania instrukcji kancelaryjnej, jednolitego rzeczowego wykazu akt, instrukcji w sprawie organizacji i zakresu dzia\u0142ania sk\u0142adnicy akt w Samorz\u0105dowym Przedszkolu Publicznym w \u017barkach Letnisku Na podstawie: art. 6 ust. 1 &#8211; 4 ustawy z dnia 14 lipca 1983r. o narodowym [&hellip;]<\/p>\n","protected":false},"author":1,"featured_media":0,"parent":0,"menu_order":0,"comment_status":"closed","ping_status":"closed","template":"","meta":{"footnotes":""},"class_list":["post-6399","page","type-page","status-publish","hentry"],"_links":{"self":[{"href":"https:\/\/przedszkole-zarki.ugporaj.pl\/index.php?rest_route=\/wp\/v2\/pages\/6399","targetHints":{"allow":["GET"]}}],"collection":[{"href":"https:\/\/przedszkole-zarki.ugporaj.pl\/index.php?rest_route=\/wp\/v2\/pages"}],"about":[{"href":"https:\/\/przedszkole-zarki.ugporaj.pl\/index.php?rest_route=\/wp\/v2\/types\/page"}],"author":[{"embeddable":true,"href":"https:\/\/przedszkole-zarki.ugporaj.pl\/index.php?rest_route=\/wp\/v2\/users\/1"}],"replies":[{"embeddable":true,"href":"https:\/\/przedszkole-zarki.ugporaj.pl\/index.php?rest_route=%2Fwp%2Fv2%2Fcomments&post=6399"}],"version-history":[{"count":8,"href":"https:\/\/przedszkole-zarki.ugporaj.pl\/index.php?rest_route=\/wp\/v2\/pages\/6399\/revisions"}],"predecessor-version":[{"id":6445,"href":"https:\/\/przedszkole-zarki.ugporaj.pl\/index.php?rest_route=\/wp\/v2\/pages\/6399\/revisions\/6445"}],"wp:attachment":[{"href":"https:\/\/przedszkole-zarki.ugporaj.pl\/index.php?rest_route=%2Fwp%2Fv2%2Fmedia&parent=6399"}],"curies":[{"name":"wp","href":"https:\/\/api.w.org\/{rel}","templated":true}]}}