{"id":6404,"date":"2020-05-11T09:43:56","date_gmt":"2020-05-11T09:43:56","guid":{"rendered":"http:\/\/przedszkole-zarkiletnisko.pl\/?page_id=6404"},"modified":"2020-05-21T08:48:22","modified_gmt":"2020-05-21T08:48:22","slug":"zarzadzenia-zlobek","status":"publish","type":"page","link":"https:\/\/przedszkole-zarki.ugporaj.pl\/?page_id=6404","title":{"rendered":"Zarz\u0105dzenia-\u017b\u0142obek"},"content":{"rendered":"\n<p class=\"has-text-align-center\"><strong>ZARZ\u0104DZENIE NR 1\/2020<\/strong> <strong>Dyrektora \u017b\u0142obka Gminnego w \u017barkach Letnisku z dnia 13.03.2020r.w sprawie wprowadzenia zasad post\u0119powania epidemiologicznego i medycznego w zwi\u0105zku z ryzykiem wyst\u0105pienia zaka\u017cenia koronawirusa 2019-nCoV<\/strong><\/p>\n\n\n\n<p class=\"has-text-align-center\">\u00a7 1<\/p>\n\n\n\n<p>Wprowadza si\u0119 procedur\u0119 post\u0119powania medycznego w przypadku podejrzenia zaka\u017cenia koronawirusem 2019-nCoV u pracownik\u00f3w \u017b\u0142obka Gminnego w \u017barkach Letnisku.<\/p>\n\n\n\n<p class=\"has-text-align-center\">\u00a7 2<\/p>\n\n\n\n<p>Schemat post\u0119powania w przypadku zar\u00f3wno podejrzenia jak i wyst\u0105pienia zaka\u017cenia zawarty<br>w za\u0142\u0105czniku do zarz\u0105dzenia opracowany na podstawie informacji G\u0142\u00f3wnego Inspektora Sanitarnego.<\/p>\n\n\n\n<p class=\"has-text-align-center\">\u00a7 3<\/p>\n\n\n\n<p>Zarz\u0105dzenie wchodzi z dniem podpisania.<\/p>\n\n\n\n<p class=\"has-text-align-right\">Dyrektor \u017b\u0142obka Gminnego<br>w \u017barkach Letnisku<\/p>\n\n\n\n<p class=\"has-text-align-right\"><strong>Joanna Sawicka<\/strong><\/p>\n\n\n\n<p class=\"has-text-align-center\"><strong>ZARZ\u0104DZENIE NR 2\/2020<\/strong> <strong>Dyrektora \u017b\u0142obka Gminnego w \u017barkach Letnisku<\/strong> <strong>z dnia 04.05.2020r. w sprawie powo\u0142ania Komisji Rekrutacyjnej<\/strong><\/p>\n\n\n\n<p class=\"has-text-align-center\"><em>Na podstawie \u00a7 12 Regulaminu przeprowadzania rekrutacji dzieci do \u017b\u0142obka Gminnego w \u017barkach Letnisku zarz\u0105dzam, co nast\u0119puje:<\/em><\/p>\n\n\n\n<p class=\"has-text-align-center\">\u00a7 1<\/p>\n\n\n\n<p>&nbsp;Powo\u0142uj\u0119 Komisj\u0119 Rekrutacyjn\u0105 &nbsp;w \u017b\u0142obku Gminnym w \u017barkach Letnisku w sk\u0142adzie:<\/p>\n\n\n\n<ol class=\"wp-block-list\"><li>Sawicka Joanna \u2013 przewodnicz\u0105cy \u2013 Dyrektor \u017b\u0142obka Gminnego w \u017barkach Letnisku<\/li><li>Karolina Okularczyk\u00a0 &#8211; cz\u0142onek \u2013 przedstawiciel pracownik\u00f3w<\/li><li>Kamila Popio\u0142ek \u2013 cz\u0142onek \u2013 przedstawiciel pracownik\u00f3w<\/li><\/ol>\n\n\n\n<p class=\"has-text-align-center\">\u00a7 2<\/p>\n\n\n\n<p class=\"has-text-align-center\">Komisja Rekrutacyjna wykonuje swoje zadania na podstawie \u00a7 12 Regulaminu przeprowadzania rekrutacji dzieci do \u017b\u0142obka Gminnego w \u017barkach Letnisku.<\/p>\n\n\n\n<p class=\"has-text-align-center\">\u00a7 3<\/p>\n\n\n\n<p class=\"has-text-align-center\">&nbsp;Zarz\u0105dzenie wchodzi w \u017cycie z dniem podpisania.<\/p>\n\n\n\n<p class=\"has-text-align-right\">Dyrektor \u017b\u0142obka Gminnego<br>w \u017barkach Letnisku<\/p>\n\n\n\n<p class=\"has-text-align-right\"><strong>Joanna Sawicka<\/strong><\/p>\n\n\n\n<p><\/p>\n\n\n\n<p class=\"has-text-align-center\"><strong>ZARZ\u0104DZENIE NR 3\/2020<\/strong> <strong>Dyrektora \u017b\u0142obka Gminnego w \u017barkach Letnisku z dnia 15 maja 2020<\/strong> <strong>w sprawie procedur bezpiecze\u0144stwa na terenie<\/strong> <strong>plac\u00f3wki w okresie pandemii COVID-19<\/strong><\/p>\n\n\n\n<p class=\"has-text-align-center\">Na podstawie :<\/p>\n\n\n\n<p class=\"has-text-align-center\"><em>Ustawa z dnia 5 grudnia 2008 r. o zapobieganiu oraz zwalczaniu zaka\u017ce\u0144 i chor\u00f3b zaka\u017anych u ludzi (Dz.U. z 2019 r. poz.1239 ze zm.),<\/em><\/p>\n\n\n\n<p class=\"has-text-align-center\"><em>Ustawa z dnia 14 marca 1985 r. o Pa\u0144stwowej Inspekcji Sanitarnej (Dz.U. z 2019 r. poz. 59ze zm.),<\/em><\/p>\n\n\n\n<p class=\"has-text-align-center\"><em>Wytyczne przeciwepidemiczne G\u0142\u00f3wnego Inspektora Sanitarnego z dnia 4 maja 2020r. dla przedszkoli, oddzia\u0142\u00f3w przedszkolnych w szkole podstawowej i innych form wychowania przedszkolnego oraz instytucji opieki nad dzie\u0107mi w wieku do lat 3, wydane na podstawie art. 8a ust. 5 pkt 2 Ustawy z dnia 14 marca 1985r. o Pa\u0144stwowej Inspekcji Sanitarnej (Dz.U. z 2019r. poz. 59 oraz z 2020r. poz. 322, 374 i 567).<\/em><\/p>\n\n\n\n<p class=\"has-text-align-center\">w zwi\u0105zku z otwarciem \u017c\u0142obka od dnia 25 maja 2020r. zarz\u0105dzam, co nast\u0119puje:<\/p>\n\n\n\n<p class=\"has-text-align-center\">\u00a7 1<\/p>\n\n\n\n<p class=\"has-text-align-center\">1.Wprowadza si\u0119 \u201eProcedury bezpiecze\u0144stwa na terenie plac\u00f3wki w okresie pandemii COVID-19\u201d, stanowi\u0105ce za\u0142\u0105cznik nr 1 do Zarz\u0105dzenia.<\/p>\n\n\n\n<p class=\"has-text-align-center\">2.Procedury obowi\u0105zuj\u0105 wszystkich pracownik\u00f3w \u017b\u0142obka Gminnego w \u017barkach Letnisku oraz rodzic\u00f3w kt\u00f3rzy b\u0119d\u0105 korzysta\u0107 z opieki \u017c\u0142obka.<\/p>\n\n\n\n<p class=\"has-text-align-center\">3.Zarz\u0105dzenie zobowi\u0105zuje wy\u017cej wspomnianych do przestrzegania postanowie\u0144 zawartych w procedurach.<\/p>\n\n\n\n<p class=\"has-text-align-center\">\u00a7 2<\/p>\n\n\n\n<p class=\"has-text-align-center\">Zmiany w Procedurach bezpiecze\u0144stwa na terenie plac\u00f3wki w okresie pandemii COVID-19, wynikaj\u0105ce m.in. z nowelizacji obowi\u0105zuj\u0105cych przepis\u00f3w lub innych przyczyn b\u0119d\u0105 dokonywane w formie aneks\u00f3w.<\/p>\n\n\n\n<p class=\"has-text-align-center\">\u00a7 3<\/p>\n\n\n\n<p class=\"has-text-align-center\">Zarz\u0105dzenie wchodzi w \u017cycie z dniem podpisania tj. 15 maja 2020r.<\/p>\n\n\n\n<p class=\"has-text-align-right\">Dyrektor \u017b\u0142obka Gminnego<br>w \u017barkach Letnisku<\/p>\n\n\n\n<p class=\"has-text-align-right\"><strong>Joanna Sawicka<\/strong><\/p>\n","protected":false},"excerpt":{"rendered":"<p>ZARZ\u0104DZENIE NR 1\/2020 Dyrektora \u017b\u0142obka Gminnego w \u017barkach Letnisku z dnia 13.03.2020r.w sprawie wprowadzenia zasad post\u0119powania epidemiologicznego i medycznego w zwi\u0105zku z ryzykiem wyst\u0105pienia zaka\u017cenia koronawirusa 2019-nCoV \u00a7 1 Wprowadza si\u0119 procedur\u0119 post\u0119powania medycznego w przypadku podejrzenia zaka\u017cenia koronawirusem 2019-nCoV u pracownik\u00f3w \u017b\u0142obka Gminnego w \u017barkach Letnisku. \u00a7 2 Schemat post\u0119powania w przypadku zar\u00f3wno podejrzenia [&hellip;]<\/p>\n","protected":false},"author":1,"featured_media":0,"parent":0,"menu_order":0,"comment_status":"closed","ping_status":"closed","template":"","meta":{"footnotes":""},"class_list":["post-6404","page","type-page","status-publish","hentry"],"_links":{"self":[{"href":"https:\/\/przedszkole-zarki.ugporaj.pl\/index.php?rest_route=\/wp\/v2\/pages\/6404","targetHints":{"allow":["GET"]}}],"collection":[{"href":"https:\/\/przedszkole-zarki.ugporaj.pl\/index.php?rest_route=\/wp\/v2\/pages"}],"about":[{"href":"https:\/\/przedszkole-zarki.ugporaj.pl\/index.php?rest_route=\/wp\/v2\/types\/page"}],"author":[{"embeddable":true,"href":"https:\/\/przedszkole-zarki.ugporaj.pl\/index.php?rest_route=\/wp\/v2\/users\/1"}],"replies":[{"embeddable":true,"href":"https:\/\/przedszkole-zarki.ugporaj.pl\/index.php?rest_route=%2Fwp%2Fv2%2Fcomments&post=6404"}],"version-history":[{"count":4,"href":"https:\/\/przedszkole-zarki.ugporaj.pl\/index.php?rest_route=\/wp\/v2\/pages\/6404\/revisions"}],"predecessor-version":[{"id":6423,"href":"https:\/\/przedszkole-zarki.ugporaj.pl\/index.php?rest_route=\/wp\/v2\/pages\/6404\/revisions\/6423"}],"wp:attachment":[{"href":"https:\/\/przedszkole-zarki.ugporaj.pl\/index.php?rest_route=%2Fwp%2Fv2%2Fmedia&parent=6404"}],"curies":[{"name":"wp","href":"https:\/\/api.w.org\/{rel}","templated":true}]}}